{"id":1940,"date":"2025-09-12T14:06:12","date_gmt":"2025-09-12T12:06:12","guid":{"rendered":"http:\/\/www.om-ayurveda.fr\/?page_id=1940"},"modified":"2026-03-20T21:54:48","modified_gmt":"2026-03-20T20:54:48","slug":"soins-ayurvediques","status":"publish","type":"page","link":"http:\/\/www.om-ayurveda.fr\/index.php\/soins-ayurvediques\/","title":{"rendered":"Soins Ayurveda"},"content":{"rendered":"\t\t<div data-elementor-type=\"wp-page\" data-elementor-id=\"1940\" class=\"elementor elementor-1940\">\n\t\t\t\t<div class=\"elementor-element elementor-element-325d965 e-flex e-con-boxed e-con e-parent\" data-id=\"325d965\" data-element_type=\"container\" data-e-type=\"container\" data-settings=\"{&quot;background_background&quot;:&quot;classic&quot;}\">\n\t\t\t\t\t<div class=\"e-con-inner\">\n\t\t\t\t<div class=\"elementor-element elementor-element-3b788be elementor-widget elementor-widget-heading\" data-id=\"3b788be\" data-element_type=\"widget\" data-e-type=\"widget\" data-widget_type=\"heading.default\">\n\t\t\t\t<div class=\"elementor-widget-container\">\n\t\t\t\t\t<h6 class=\"elementor-heading-title elementor-size-default\">OM AYURVEDA<\/h6>\t\t\t\t<\/div>\n\t\t\t\t<\/div>\n\t\t\t\t<div class=\"elementor-element elementor-element-eeab1a9 elementor-widget elementor-widget-heading\" data-id=\"eeab1a9\" data-element_type=\"widget\" data-e-type=\"widget\" data-widget_type=\"heading.default\">\n\t\t\t\t<div class=\"elementor-widget-container\">\n\t\t\t\t\t<h2 class=\"elementor-heading-title elementor-size-default\">Les soins Ayurveda<\/h2>\t\t\t\t<\/div>\n\t\t\t\t<\/div>\n\t\t\t\t\t<\/div>\n\t\t\t\t<\/div>\n\t\t<div class=\"elementor-element elementor-element-8f87b85 e-flex e-con-boxed e-con e-parent\" data-id=\"8f87b85\" data-element_type=\"container\" data-e-type=\"container\">\n\t\t\t\t\t<div class=\"e-con-inner\">\n\t\t<div class=\"elementor-element elementor-element-e5023d1 e-con-full e-flex e-con e-child\" data-id=\"e5023d1\" data-element_type=\"container\" data-e-type=\"container\">\n\t\t\t\t<div class=\"elementor-element elementor-element-7a7e717 elementor-widget elementor-widget-image\" data-id=\"7a7e717\" data-element_type=\"widget\" data-e-type=\"widget\" data-widget_type=\"image.default\">\n\t\t\t\t<div class=\"elementor-widget-container\">\n\t\t\t\t\t\t\t\t\t\t\t\t\t\t\t<img fetchpriority=\"high\" decoding=\"async\" width=\"1024\" height=\"683\" src=\"https:\/\/www.om-ayurveda.fr\/wp-content\/uploads\/2024\/09\/DSC01430-1024x683.jpg\" class=\"attachment-large size-large wp-image-1403\" alt=\"\" srcset=\"https:\/\/www.om-ayurveda.fr\/wp-content\/uploads\/2024\/09\/DSC01430-1024x683.jpg 1024w, https:\/\/www.om-ayurveda.fr\/wp-content\/uploads\/2024\/09\/DSC01430-300x200.jpg 300w, https:\/\/www.om-ayurveda.fr\/wp-content\/uploads\/2024\/09\/DSC01430-768x512.jpg 768w, https:\/\/www.om-ayurveda.fr\/wp-content\/uploads\/2024\/09\/DSC01430-1536x1024.jpg 1536w, https:\/\/www.om-ayurveda.fr\/wp-content\/uploads\/2024\/09\/DSC01430-2048x1365.jpg 2048w\" sizes=\"(max-width: 1024px) 100vw, 1024px\" \/>\t\t\t\t\t\t\t\t\t\t\t\t\t\t\t<\/div>\n\t\t\t\t<\/div>\n\t\t\t\t<\/div>\n\t\t<div class=\"elementor-element elementor-element-ba98e5d e-con-full e-flex e-con e-child\" data-id=\"ba98e5d\" data-element_type=\"container\" data-e-type=\"container\">\n\t\t\t\t<div class=\"elementor-element elementor-element-721a886 elementor-widget elementor-widget-heading\" data-id=\"721a886\" data-element_type=\"widget\" data-e-type=\"widget\" data-widget_type=\"heading.default\">\n\t\t\t\t<div class=\"elementor-widget-container\">\n\t\t\t\t\t<h2 class=\"elementor-heading-title elementor-size-default\">L'Oriane<\/h2>\t\t\t\t<\/div>\n\t\t\t\t<\/div>\n\t\t\t\t<div class=\"elementor-element elementor-element-64b5828 elementor-widget elementor-widget-text-editor\" data-id=\"64b5828\" data-element_type=\"widget\" data-e-type=\"widget\" data-widget_type=\"text-editor.default\">\n\t\t\t\t<div class=\"elementor-widget-container\">\n\t\t\t\t\t\t\t\t\t<p><span class=\"a_GcMg font-feature-liga-off font-feature-clig-off font-feature-calt-off text-decoration-none text-strikethrough-none\">Massage Abhyanga &amp; intuitif<\/span><\/p>\t\t\t\t\t\t\t\t<\/div>\n\t\t\t\t<\/div>\n\t\t\t\t<div class=\"elementor-element elementor-element-732e8bb elementor-button-info elementor-widget elementor-widget-button\" data-id=\"732e8bb\" data-element_type=\"widget\" data-e-type=\"widget\" data-widget_type=\"button.default\">\n\t\t\t\t<div class=\"elementor-widget-container\">\n\t\t\t\t\t\t\t\t\t<div class=\"elementor-button-wrapper\">\n\t\t\t\t\t<a class=\"elementor-button elementor-button-link elementor-size-sm\" href=\"#\">\n\t\t\t\t\t\t<span class=\"elementor-button-content-wrapper\">\n\t\t\t\t\t\t\t\t\t<span class=\"elementor-button-text\">1h30 \/ 90\u20ac - 2h \/ 120\u20ac - 2h30 \/ 150\u20ac - 3h \/ 180\u20ac<\/span>\n\t\t\t\t\t<\/span>\n\t\t\t\t\t<\/a>\n\t\t\t\t<\/div>\n\t\t\t\t\t\t\t\t<\/div>\n\t\t\t\t<\/div>\n\t\t\t\t<\/div>\n\t\t\t\t\t<\/div>\n\t\t\t\t<\/div>\n\t\t<div class=\"elementor-element elementor-element-cd5e822 e-flex e-con-boxed e-con e-parent\" data-id=\"cd5e822\" data-element_type=\"container\" data-e-type=\"container\" data-settings=\"{&quot;background_background&quot;:&quot;classic&quot;}\">\n\t\t\t\t\t<div class=\"e-con-inner\">\n\t\t<div class=\"elementor-element elementor-element-0dcbc17 e-con-full e-flex e-con e-child\" data-id=\"0dcbc17\" data-element_type=\"container\" data-e-type=\"container\">\n\t\t\t\t<div class=\"elementor-element elementor-element-52b9cab elementor-widget elementor-widget-heading\" data-id=\"52b9cab\" data-element_type=\"widget\" data-e-type=\"widget\" data-widget_type=\"heading.default\">\n\t\t\t\t<div class=\"elementor-widget-container\">\n\t\t\t\t\t<h2 class=\"elementor-heading-title elementor-size-default\">Shirodarah<\/h2>\t\t\t\t<\/div>\n\t\t\t\t<\/div>\n\t\t\t\t<div class=\"elementor-element elementor-element-899a7c4 elementor-widget elementor-widget-text-editor\" data-id=\"899a7c4\" data-element_type=\"widget\" data-e-type=\"widget\" data-widget_type=\"text-editor.default\">\n\t\t\t\t<div class=\"elementor-widget-container\">\n\t\t\t\t\t\t\t\t\t<p>Le <strong>Shirodarah<\/strong> est le soin ayurv\u00e9dique de l&rsquo;huile chaude qui coule en continue sur le front activant les <strong>points \u00e9nergetiques<\/strong> (<em>Marma Points<\/em>), permettant une circulation.<\/p><p><em>Shiro signifie en sanscrit la t\u00eate et Dhara signifie le flux.<\/em><\/p><p>Il permet une <strong>d\u00e9tente<\/strong> et un <strong>l\u00e2cher prise<\/strong> rapide profond.<\/p><p>Ce soin ayurv\u00e9dique est favorable lors d&rsquo;<strong>insomnies<\/strong>, de <strong>migraines<\/strong>, d&rsquo;<strong>anxi\u00e9t\u00e9s<\/strong>, de <strong>d\u00e9pression<\/strong>, de <strong>stress<\/strong>, de <strong>tensions<\/strong> au niveau de la t\u00eate, et recommand\u00e9 pour la <strong>concentration<\/strong> et pour <strong>stimuler votre m\u00e9moire<\/strong>.<\/p><p>La s\u00e9ance d\u00e9bute par un massage de la t\u00eate de 15 minutes (<em>huile choisi en fonction de l&rsquo;\u00e9quilibre de vos doshas<\/em>) et se poursuit par environ 35min d&rsquo;huile chaude (<em>huile de s\u00e9same bio<\/em>) qui coule sur votre front.<\/p><p>Les trois diff\u00e9rents Doshas qui composent l&rsquo;\u00e9nergie vitale (<em>Prana<\/em>) sont :<\/p><ul><li>Vata (air),<\/li><li>Pitta (feu)<\/li><li>Kapha (Terre)<\/li><\/ul>\t\t\t\t\t\t\t\t<\/div>\n\t\t\t\t<\/div>\n\t\t\t\t<div class=\"elementor-element elementor-element-d8262ba elementor-button-info elementor-widget elementor-widget-button\" data-id=\"d8262ba\" data-element_type=\"widget\" data-e-type=\"widget\" data-widget_type=\"button.default\">\n\t\t\t\t<div class=\"elementor-widget-container\">\n\t\t\t\t\t\t\t\t\t<div class=\"elementor-button-wrapper\">\n\t\t\t\t\t<a class=\"elementor-button elementor-button-link elementor-size-sm\" href=\"#\">\n\t\t\t\t\t\t<span class=\"elementor-button-content-wrapper\">\n\t\t\t\t\t\t\t\t\t<span class=\"elementor-button-text\">1h30 \/ 90\u20ac<\/span>\n\t\t\t\t\t<\/span>\n\t\t\t\t\t<\/a>\n\t\t\t\t<\/div>\n\t\t\t\t\t\t\t\t<\/div>\n\t\t\t\t<\/div>\n\t\t\t\t<\/div>\n\t\t<div class=\"elementor-element elementor-element-db416ee e-con-full e-flex e-con e-child\" data-id=\"db416ee\" data-element_type=\"container\" data-e-type=\"container\">\n\t\t\t\t<div class=\"elementor-element elementor-element-c00fbc2 elementor-widget elementor-widget-image\" data-id=\"c00fbc2\" data-element_type=\"widget\" data-e-type=\"widget\" data-widget_type=\"image.default\">\n\t\t\t\t<div class=\"elementor-widget-container\">\n\t\t\t\t\t\t\t\t\t\t\t\t\t\t\t<img decoding=\"async\" width=\"683\" height=\"1024\" src=\"https:\/\/www.om-ayurveda.fr\/wp-content\/uploads\/2026\/03\/DSC01103-683x1024.jpg\" class=\"attachment-large size-large wp-image-2046\" alt=\"\" srcset=\"https:\/\/www.om-ayurveda.fr\/wp-content\/uploads\/2026\/03\/DSC01103-683x1024.jpg 683w, https:\/\/www.om-ayurveda.fr\/wp-content\/uploads\/2026\/03\/DSC01103-200x300.jpg 200w, https:\/\/www.om-ayurveda.fr\/wp-content\/uploads\/2026\/03\/DSC01103-768x1152.jpg 768w, https:\/\/www.om-ayurveda.fr\/wp-content\/uploads\/2026\/03\/DSC01103-1024x1536.jpg 1024w, https:\/\/www.om-ayurveda.fr\/wp-content\/uploads\/2026\/03\/DSC01103-1365x2048.jpg 1365w, https:\/\/www.om-ayurveda.fr\/wp-content\/uploads\/2026\/03\/DSC01103-scaled.jpg 1707w\" sizes=\"(max-width: 683px) 100vw, 683px\" \/>\t\t\t\t\t\t\t\t\t\t\t\t\t\t\t<\/div>\n\t\t\t\t<\/div>\n\t\t\t\t<\/div>\n\t\t\t\t\t<\/div>\n\t\t\t\t<\/div>\n\t\t<div class=\"elementor-element elementor-element-bef5a80 e-flex e-con-boxed e-con e-parent\" data-id=\"bef5a80\" data-element_type=\"container\" data-e-type=\"container\">\n\t\t\t\t\t<div class=\"e-con-inner\">\n\t\t<div class=\"elementor-element elementor-element-f98d677 e-con-full e-flex e-con e-child\" data-id=\"f98d677\" data-element_type=\"container\" data-e-type=\"container\">\n\t\t\t\t<div class=\"elementor-element elementor-element-466dc8a elementor-widget elementor-widget-image\" data-id=\"466dc8a\" data-element_type=\"widget\" data-e-type=\"widget\" data-widget_type=\"image.default\">\n\t\t\t\t<div class=\"elementor-widget-container\">\n\t\t\t\t\t\t\t\t\t\t\t\t\t\t\t<img decoding=\"async\" width=\"683\" height=\"1024\" src=\"https:\/\/www.om-ayurveda.fr\/wp-content\/uploads\/2024\/09\/DSC00843-683x1024.jpg\" class=\"attachment-large size-large wp-image-1455\" alt=\"\" srcset=\"https:\/\/www.om-ayurveda.fr\/wp-content\/uploads\/2024\/09\/DSC00843-683x1024.jpg 683w, https:\/\/www.om-ayurveda.fr\/wp-content\/uploads\/2024\/09\/DSC00843-200x300.jpg 200w, https:\/\/www.om-ayurveda.fr\/wp-content\/uploads\/2024\/09\/DSC00843-768x1152.jpg 768w, https:\/\/www.om-ayurveda.fr\/wp-content\/uploads\/2024\/09\/DSC00843-1024x1536.jpg 1024w, https:\/\/www.om-ayurveda.fr\/wp-content\/uploads\/2024\/09\/DSC00843-1365x2048.jpg 1365w, https:\/\/www.om-ayurveda.fr\/wp-content\/uploads\/2024\/09\/DSC00843-scaled.jpg 1707w\" sizes=\"(max-width: 683px) 100vw, 683px\" \/>\t\t\t\t\t\t\t\t\t\t\t\t\t\t\t<\/div>\n\t\t\t\t<\/div>\n\t\t\t\t<\/div>\n\t\t<div class=\"elementor-element elementor-element-275d0b3 e-con-full e-flex e-con e-child\" data-id=\"275d0b3\" data-element_type=\"container\" data-e-type=\"container\">\n\t\t\t\t<div class=\"elementor-element elementor-element-682cac9 elementor-widget elementor-widget-heading\" data-id=\"682cac9\" data-element_type=\"widget\" data-e-type=\"widget\" data-widget_type=\"heading.default\">\n\t\t\t\t<div class=\"elementor-widget-container\">\n\t\t\t\t\t<h2 class=\"elementor-heading-title elementor-size-default\">Shiro<\/h2>\t\t\t\t<\/div>\n\t\t\t\t<\/div>\n\t\t\t\t<div class=\"elementor-element elementor-element-7aca7b7 elementor-widget elementor-widget-text-editor\" data-id=\"7aca7b7\" data-element_type=\"widget\" data-e-type=\"widget\" data-widget_type=\"text-editor.default\">\n\t\t\t\t<div class=\"elementor-widget-container\">\n\t\t\t\t\t\t\t\t\t<p><span class=\"a_GcMg font-feature-liga-off font-feature-clig-off font-feature-calt-off text-decoration-none text-strikethrough-none\">Massage t\u00eate int\u00e9grale, nuque, dos<\/span><\/p>\t\t\t\t\t\t\t\t<\/div>\n\t\t\t\t<\/div>\n\t\t\t\t<div class=\"elementor-element elementor-element-fa898e0 elementor-button-info elementor-widget elementor-widget-button\" data-id=\"fa898e0\" data-element_type=\"widget\" data-e-type=\"widget\" data-widget_type=\"button.default\">\n\t\t\t\t<div class=\"elementor-widget-container\">\n\t\t\t\t\t\t\t\t\t<div class=\"elementor-button-wrapper\">\n\t\t\t\t\t<a class=\"elementor-button elementor-button-link elementor-size-sm\" href=\"#\">\n\t\t\t\t\t\t<span class=\"elementor-button-content-wrapper\">\n\t\t\t\t\t\t\t\t\t<span class=\"elementor-button-text\">1h \/ 60\u20ac<\/span>\n\t\t\t\t\t<\/span>\n\t\t\t\t\t<\/a>\n\t\t\t\t<\/div>\n\t\t\t\t\t\t\t\t<\/div>\n\t\t\t\t<\/div>\n\t\t\t\t<\/div>\n\t\t\t\t\t<\/div>\n\t\t\t\t<\/div>\n\t\t<div class=\"elementor-element elementor-element-dd2b86f e-flex e-con-boxed e-con e-parent\" data-id=\"dd2b86f\" data-element_type=\"container\" data-e-type=\"container\" data-settings=\"{&quot;background_background&quot;:&quot;classic&quot;}\">\n\t\t\t\t\t<div class=\"e-con-inner\">\n\t\t<div class=\"elementor-element elementor-element-0ad03a2 e-con-full e-flex e-con e-child\" data-id=\"0ad03a2\" data-element_type=\"container\" data-e-type=\"container\">\n\t\t\t\t<div class=\"elementor-element elementor-element-1f1f6fb elementor-widget elementor-widget-heading\" data-id=\"1f1f6fb\" data-element_type=\"widget\" data-e-type=\"widget\" data-widget_type=\"heading.default\">\n\t\t\t\t<div class=\"elementor-widget-container\">\n\t\t\t\t\t<h2 class=\"elementor-heading-title elementor-size-default\">Udara<\/h2>\t\t\t\t<\/div>\n\t\t\t\t<\/div>\n\t\t\t\t<div class=\"elementor-element elementor-element-41bfa51 elementor-widget elementor-widget-text-editor\" data-id=\"41bfa51\" data-element_type=\"widget\" data-e-type=\"widget\" data-widget_type=\"text-editor.default\">\n\t\t\t\t<div class=\"elementor-widget-container\">\n\t\t\t\t\t\t\t\t\t<p><span class=\"a_GcMg font-feature-liga-off font-feature-clig-off font-feature-calt-off text-decoration-none text-strikethrough-none\">Massage abdomen : diaphragme, ventre int\u00e9gral &amp; organes internes<\/span><\/p>\t\t\t\t\t\t\t\t<\/div>\n\t\t\t\t<\/div>\n\t\t\t\t<div class=\"elementor-element elementor-element-3c41a4a elementor-button-info elementor-widget elementor-widget-button\" data-id=\"3c41a4a\" data-element_type=\"widget\" data-e-type=\"widget\" data-widget_type=\"button.default\">\n\t\t\t\t<div class=\"elementor-widget-container\">\n\t\t\t\t\t\t\t\t\t<div class=\"elementor-button-wrapper\">\n\t\t\t\t\t<a class=\"elementor-button elementor-button-link elementor-size-sm\" href=\"#\">\n\t\t\t\t\t\t<span class=\"elementor-button-content-wrapper\">\n\t\t\t\t\t\t\t\t\t<span class=\"elementor-button-text\">1h \/ 60\u20ac<\/span>\n\t\t\t\t\t<\/span>\n\t\t\t\t\t<\/a>\n\t\t\t\t<\/div>\n\t\t\t\t\t\t\t\t<\/div>\n\t\t\t\t<\/div>\n\t\t\t\t<\/div>\n\t\t<div class=\"elementor-element elementor-element-e657fdb e-con-full e-flex e-con e-child\" data-id=\"e657fdb\" data-element_type=\"container\" data-e-type=\"container\">\n\t\t\t\t<div class=\"elementor-element elementor-element-838d0df elementor-widget elementor-widget-image\" data-id=\"838d0df\" data-element_type=\"widget\" data-e-type=\"widget\" data-widget_type=\"image.default\">\n\t\t\t\t<div class=\"elementor-widget-container\">\n\t\t\t\t\t\t\t\t\t\t\t\t\t\t\t<img loading=\"lazy\" decoding=\"async\" width=\"683\" height=\"1024\" src=\"https:\/\/www.om-ayurveda.fr\/wp-content\/uploads\/2024\/09\/DSC01334-683x1024.jpg\" class=\"attachment-large size-large wp-image-1386\" alt=\"\" srcset=\"https:\/\/www.om-ayurveda.fr\/wp-content\/uploads\/2024\/09\/DSC01334-683x1024.jpg 683w, https:\/\/www.om-ayurveda.fr\/wp-content\/uploads\/2024\/09\/DSC01334-200x300.jpg 200w, https:\/\/www.om-ayurveda.fr\/wp-content\/uploads\/2024\/09\/DSC01334-768x1152.jpg 768w, https:\/\/www.om-ayurveda.fr\/wp-content\/uploads\/2024\/09\/DSC01334-1024x1536.jpg 1024w, https:\/\/www.om-ayurveda.fr\/wp-content\/uploads\/2024\/09\/DSC01334-1365x2048.jpg 1365w, https:\/\/www.om-ayurveda.fr\/wp-content\/uploads\/2024\/09\/DSC01334-scaled.jpg 1707w\" sizes=\"(max-width: 683px) 100vw, 683px\" \/>\t\t\t\t\t\t\t\t\t\t\t\t\t\t\t<\/div>\n\t\t\t\t<\/div>\n\t\t\t\t<\/div>\n\t\t\t\t\t<\/div>\n\t\t\t\t<\/div>\n\t\t<div class=\"elementor-element elementor-element-e53d97b e-flex e-con-boxed e-con e-parent\" data-id=\"e53d97b\" data-element_type=\"container\" data-e-type=\"container\">\n\t\t\t\t\t<div class=\"e-con-inner\">\n\t\t<div class=\"elementor-element elementor-element-3c93f20 e-con-full e-flex e-con e-child\" data-id=\"3c93f20\" data-element_type=\"container\" data-e-type=\"container\">\n\t\t\t\t<div class=\"elementor-element elementor-element-4efe862 elementor-widget elementor-widget-image\" data-id=\"4efe862\" data-element_type=\"widget\" data-e-type=\"widget\" data-widget_type=\"image.default\">\n\t\t\t\t<div class=\"elementor-widget-container\">\n\t\t\t\t\t\t\t\t\t\t\t\t\t\t\t<img loading=\"lazy\" decoding=\"async\" width=\"683\" height=\"1024\" src=\"https:\/\/www.om-ayurveda.fr\/wp-content\/uploads\/2026\/03\/DSC00774.jpg\" class=\"attachment-large size-large wp-image-2052\" alt=\"\" \/>\t\t\t\t\t\t\t\t\t\t\t\t\t\t\t<\/div>\n\t\t\t\t<\/div>\n\t\t\t\t<\/div>\n\t\t<div class=\"elementor-element elementor-element-199265f e-con-full e-flex e-con e-child\" data-id=\"199265f\" data-element_type=\"container\" data-e-type=\"container\">\n\t\t\t\t<div class=\"elementor-element elementor-element-27660b9 elementor-widget elementor-widget-heading\" data-id=\"27660b9\" data-element_type=\"widget\" data-e-type=\"widget\" data-widget_type=\"heading.default\">\n\t\t\t\t<div class=\"elementor-widget-container\">\n\t\t\t\t\t<h2 class=\"elementor-heading-title elementor-size-default\">Kanza Vatki<\/h2>\t\t\t\t<\/div>\n\t\t\t\t<\/div>\n\t\t\t\t<div class=\"elementor-element elementor-element-6865ef7 elementor-widget elementor-widget-text-editor\" data-id=\"6865ef7\" data-element_type=\"widget\" data-e-type=\"widget\" data-widget_type=\"text-editor.default\">\n\t\t\t\t<div class=\"elementor-widget-container\">\n\t\t\t\t\t\t\t\t\t<p><span class=\"a_GcMg font-feature-liga-off font-feature-clig-off font-feature-calt-off text-decoration-none text-strikethrough-none\">R\u00e9flexologie plantaire indienne<\/span><\/p>\t\t\t\t\t\t\t\t<\/div>\n\t\t\t\t<\/div>\n\t\t\t\t<div class=\"elementor-element elementor-element-5ac08cc elementor-button-info elementor-widget elementor-widget-button\" data-id=\"5ac08cc\" data-element_type=\"widget\" data-e-type=\"widget\" data-widget_type=\"button.default\">\n\t\t\t\t<div class=\"elementor-widget-container\">\n\t\t\t\t\t\t\t\t\t<div class=\"elementor-button-wrapper\">\n\t\t\t\t\t<a class=\"elementor-button elementor-button-link elementor-size-sm\" href=\"#\">\n\t\t\t\t\t\t<span class=\"elementor-button-content-wrapper\">\n\t\t\t\t\t\t\t\t\t<span class=\"elementor-button-text\">1h \/ 60\u20ac<\/span>\n\t\t\t\t\t<\/span>\n\t\t\t\t\t<\/a>\n\t\t\t\t<\/div>\n\t\t\t\t\t\t\t\t<\/div>\n\t\t\t\t<\/div>\n\t\t\t\t<\/div>\n\t\t\t\t\t<\/div>\n\t\t\t\t<\/div>\n\t\t\t\t<\/div>\n\t\t","protected":false},"excerpt":{"rendered":"<p>OM AYURVEDA Les soins Ayurveda L&rsquo;Oriane Massage Abhyanga &amp; intuitif 1h30 \/ 90\u20ac &#8211; 2h \/ 120\u20ac &#8211; 2h30 \/ 150\u20ac &#8211; 3h \/ 180\u20ac Shirodarah Le Shirodarah est le soin ayurv\u00e9dique de l&rsquo;huile chaude qui coule en continue sur le front activant les points \u00e9nergetiques (Marma Points), permettant une circulation. Shiro signifie en sanscrit [&hellip;]<\/p>\n","protected":false},"author":1,"featured_media":0,"parent":0,"menu_order":5,"comment_status":"closed","ping_status":"closed","template":"","meta":{"site-sidebar-layout":"no-sidebar","site-content-layout":"page-builder","ast-site-content-layout":"full-width-container","site-content-style":"default","site-sidebar-style":"default","ast-global-header-display":"","ast-banner-title-visibility":"","ast-main-header-display":"","ast-hfb-above-header-display":"","ast-hfb-below-header-display":"","ast-hfb-mobile-header-display":"","site-post-title":"disabled","ast-breadcrumbs-content":"","ast-featured-img":"disabled","footer-sml-layout":"","ast-disable-related-posts":"","theme-transparent-header-meta":"","adv-header-id-meta":"","stick-header-meta":"","header-above-stick-meta":"","header-main-stick-meta":"","header-below-stick-meta":"","astra-migrate-meta-layouts":"set","ast-page-background-enabled":"default","ast-page-background-meta":{"desktop":{"background-color":"var(--ast-global-color-4)","background-image":"","background-repeat":"repeat","background-position":"center center","background-size":"auto","background-attachment":"scroll","background-type":"","background-media":"","overlay-type":"","overlay-color":"","overlay-opacity":"","overlay-gradient":""},"tablet":{"background-color":"","background-image":"","background-repeat":"repeat","background-position":"center center","background-size":"auto","background-attachment":"scroll","background-type":"","background-media":"","overlay-type":"","overlay-color":"","overlay-opacity":"","overlay-gradient":""},"mobile":{"background-color":"","background-image":"","background-repeat":"repeat","background-position":"center center","background-size":"auto","background-attachment":"scroll","background-type":"","background-media":"","overlay-type":"","overlay-color":"","overlay-opacity":"","overlay-gradient":""}},"ast-content-background-meta":{"desktop":{"background-color":"var(--ast-global-color-5)","background-image":"","background-repeat":"repeat","background-position":"center center","background-size":"auto","background-attachment":"scroll","background-type":"","background-media":"","overlay-type":"","overlay-color":"","overlay-opacity":"","overlay-gradient":""},"tablet":{"background-color":"var(--ast-global-color-5)","background-image":"","background-repeat":"repeat","background-position":"center center","background-size":"auto","background-attachment":"scroll","background-type":"","background-media":"","overlay-type":"","overlay-color":"","overlay-opacity":"","overlay-gradient":""},"mobile":{"background-color":"var(--ast-global-color-5)","background-image":"","background-repeat":"repeat","background-position":"center center","background-size":"auto","background-attachment":"scroll","background-type":"","background-media":"","overlay-type":"","overlay-color":"","overlay-opacity":"","overlay-gradient":""}},"footnotes":""},"class_list":["post-1940","page","type-page","status-publish","hentry"],"_links":{"self":[{"href":"http:\/\/www.om-ayurveda.fr\/index.php\/wp-json\/wp\/v2\/pages\/1940","targetHints":{"allow":["GET"]}}],"collection":[{"href":"http:\/\/www.om-ayurveda.fr\/index.php\/wp-json\/wp\/v2\/pages"}],"about":[{"href":"http:\/\/www.om-ayurveda.fr\/index.php\/wp-json\/wp\/v2\/types\/page"}],"author":[{"embeddable":true,"href":"http:\/\/www.om-ayurveda.fr\/index.php\/wp-json\/wp\/v2\/users\/1"}],"replies":[{"embeddable":true,"href":"http:\/\/www.om-ayurveda.fr\/index.php\/wp-json\/wp\/v2\/comments?post=1940"}],"version-history":[{"count":32,"href":"http:\/\/www.om-ayurveda.fr\/index.php\/wp-json\/wp\/v2\/pages\/1940\/revisions"}],"predecessor-version":[{"id":2055,"href":"http:\/\/www.om-ayurveda.fr\/index.php\/wp-json\/wp\/v2\/pages\/1940\/revisions\/2055"}],"wp:attachment":[{"href":"http:\/\/www.om-ayurveda.fr\/index.php\/wp-json\/wp\/v2\/media?parent=1940"}],"curies":[{"name":"wp","href":"https:\/\/api.w.org\/{rel}","templated":true}]}}